{"id":4720,"date":"2022-05-31T12:55:30","date_gmt":"2022-05-31T10:55:30","guid":{"rendered":"http:\/\/ocove.be\/?post_type=product&#038;p=4720"},"modified":"2026-04-16T20:46:49","modified_gmt":"2026-04-16T18:46:49","slug":"forest","status":"publish","type":"product","link":"https:\/\/ocove.be\/nl\/product\/forest\/","title":{"rendered":"Forest &#8211; Ocove"},"content":{"rendered":"<p>D\u00e9couvrez la Suite Forest, pour un s\u00e9jour d\u00e9paysant avec une vue sur la for\u00eat, dans les Ardennes belges, pour une vir\u00e9e romantique \u00e0 deux !<\/p>\n<p>La chambre-Forest avec son jacuzzi privatif chauff\u00e9 \u00e0 38 \u00b0C, avec une superbe vue sur un paysage digne d\u2019une toile, pour un confort in\u00e9galable tout en restant connect\u00e9 \u00e0 la nature. Parfaite en hiver comme en \u00e9t\u00e9, notre petit cocoon dans les bois, est sans doute notre espace le plus agr\u00e9able pour y passer une soir\u00e9e romantique.<\/p>\n<p>La chambre Forest dispose d\u2019une cuisine \u00e9quip\u00e9e ou vous pouvez concocter vos plats, ou vous pouvez profiter de nos services et options pour vous faire livrer dans la chambre!<\/p>\n<div class=\"bg-grey02 c-primary01 p-m text-center my-m\">\n<p style=\"text-align: center;\"><strong>Heure d&#8217;arriv\u00e9e : \u00e0 partir de 18h00<\/strong><\/p>\n<\/div>\n<div class=\"bg-grey02 c-primary01 p-m text-center my-m\">\n<p style=\"text-align: center;\"><strong>Heure de d\u00e9part : 11h00<\/strong><\/p>\n<\/div>\n<h3>Tarifs<\/h3>\n<p>Du dimanche au jeudi \u00e0 p. de\u00a0195 \u20ac la nuit\u00e9e,<br \/>\nLe vendredi et veilles de jours f\u00e9ri\u00e9s \u00e0 p. de 270 \u20ac la nuit\u00e9e et le samedi \u00e0 p. de 325 \u20ac (hors tarifs sp\u00e9ciaux).<\/p>\n<h3>Formules et Options<\/h3>\n<p>Possibilit\u00e9 de commander en suppl\u00e9ment :<\/p>\n<ul>\n<li>repas,<\/li>\n<li>d\u00e9jeuner,<\/li>\n<li>bouteilles,<\/li>\n<li>softs,<\/li>\n<li>packs,<\/li>\n<li>d\u00e9corations,<\/li>\n<li>cadeaux, etc<\/li>\n<\/ul>\n","protected":false},"excerpt":{"rendered":"<p>D\u00e9couvrez la Suite Forest, pour un s\u00e9jour d\u00e9paysant avec une vue sur la for\u00eat, dans les Ardennes belges, pour une vir\u00e9e romantique \u00e0 deux ! La chambre-Forest avec son jacuzzi privatif chauff\u00e9 \u00e0 38 \u00b0C, avec une superbe vue sur un paysage digne d\u2019une toile, pour un confort in\u00e9galable tout en restant connect\u00e9 \u00e0 la [&hellip;]<\/p>\n","protected":false},"featured_media":8987,"template":"","meta":{"_acf_changed":false,"_seopress_robots_primary_cat":"none","_seopress_titles_title":"","_seopress_titles_desc":"D\u00e9couvrez la Suite Forest, pour un s\u00e9jour d\u00e9paysant avec une vue sur la for\u00eat, dans les Ardennes belges, pour une vir\u00e9e romantique \u00e0 deux !","_seopress_robots_index":""},"product_brand":[],"product_cat":[15],"product_tag":[],"class_list":{"0":"post-4720","1":"product","2":"type-product","3":"status-publish","4":"has-post-thumbnail","6":"product_cat-accommodation","8":"first","9":"instock","10":"virtual","11":"sold-individually","12":"taxable","13":"purchasable","14":"product-type-booking"},"booking_location":"","booking_location_type":"","booking_duration":1,"booking_duration_unit":"day","booking_buffer":0,"booking_cost":0,"booking_resources":[],"acf":[],"_links":{"self":[{"href":"https:\/\/ocove.be\/nl\/wp-json\/wp\/v2\/product\/4720","targetHints":{"allow":["GET"]}}],"collection":[{"href":"https:\/\/ocove.be\/nl\/wp-json\/wp\/v2\/product"}],"about":[{"href":"https:\/\/ocove.be\/nl\/wp-json\/wp\/v2\/types\/product"}],"wp:featuredmedia":[{"embeddable":true,"href":"https:\/\/ocove.be\/nl\/wp-json\/wp\/v2\/media\/8987"}],"wp:attachment":[{"href":"https:\/\/ocove.be\/nl\/wp-json\/wp\/v2\/media?parent=4720"}],"wp:term":[{"taxonomy":"product_brand","embeddable":true,"href":"https:\/\/ocove.be\/nl\/wp-json\/wp\/v2\/product_brand?post=4720"},{"taxonomy":"product_cat","embeddable":true,"href":"https:\/\/ocove.be\/nl\/wp-json\/wp\/v2\/product_cat?post=4720"},{"taxonomy":"product_tag","embeddable":true,"href":"https:\/\/ocove.be\/nl\/wp-json\/wp\/v2\/product_tag?post=4720"}],"curies":[{"name":"wp","href":"https:\/\/api.w.org\/{rel}","templated":true}]}}