{"id":4773,"date":"2022-06-04T11:21:37","date_gmt":"2022-06-04T09:21:37","guid":{"rendered":"http:\/\/ocove.be\/?post_type=product&#038;p=4773"},"modified":"2026-02-06T19:04:40","modified_gmt":"2026-02-06T18:04:40","slug":"infiny","status":"publish","type":"product","link":"https:\/\/ocove.be\/nl\/product\/infiny\/","title":{"rendered":"Infiny &#8211; Ocove"},"content":{"rendered":"<p>D\u00e9couvrez la suite Infiny, pour un s\u00e9jour m\u00e9morable et hors du commun, une vir\u00e9e romantique et inoubliable, juste votre \u00e2me s\u0153ur et vous dans un cadre sp\u00e9cial et priv\u00e9 !<\/p>\n<p>La suite Infiny vous transportera dans un univers enti\u00e8rement inconnu avec son miroir infini g\u00e9ant. Cette suite, compl\u00e8tement unique en son genre, vous fera vivre l&#8217;une de vos soir\u00e9es les plus insolites et relaxantes de votre vie.<\/p>\n<p>Vous pouvez commencer votre soir\u00e9e par une coupe de champagne dans le jacuzzi privatif, ambianc\u00e9s par le miroir infini et une musique romantique, une s\u00e9ance de sauna ou dans la piscine r\u00e9chauff\u00e9e \u00e0 31 \u00b0C.<\/p>\n<p>La suite Infiny dispose d\u2019une cuisine \u00e9quip\u00e9e o\u00f9 vous pouvez concocter vos plats. Sinon, vous pouvez commander des formules et packs disponibles dans l\u2019onglet OPTIONS!<\/p>\n<div class=\"bg-grey02 c-primary01 p-m text-center my-m\">\n<p style=\"text-align: center;\"><strong>Heure d&#8217;arriv\u00e9e : \u00e0 partir de 18h00<\/strong><\/p>\n<\/div>\n<div class=\"bg-grey02 c-primary01 p-m text-center my-m\">\n<p style=\"text-align: center;\"><strong>Heure de d\u00e9part : 11h00<\/strong><\/p>\n<\/div>\n<h3>Tarifs<\/h3>\n<p>Du dimanche au jeudi 300 \u20ac la nuit\u00e9e,<br \/>\nLe vendredi et veilles de jours f\u00e9ri\u00e9s 380 \u20ac la nuit\u00e9e et le samedi 430 \u20ac (hors tarifs sp\u00e9ciaux).<\/p>\n<h3>Formules et Options<\/h3>\n<p>Possibilit\u00e9 de commander en suppl\u00e9ment :<\/p>\n<ul>\n<li>repas,<\/li>\n<li>d\u00e9jeuner,<\/li>\n<li>bouteilles,<\/li>\n<li>softs,<\/li>\n<li>packs,<\/li>\n<li>d\u00e9corations,<\/li>\n<li>cadeaux, etc<\/li>\n<\/ul>\n<p>&nbsp;<\/p>\n<div id=\"ConnectiveDocSignExtentionInstalled\" data-extension-version=\"1.0.4\"><\/div>\n","protected":false},"excerpt":{"rendered":"<p>&nbsp;<\/p>\n<div id=\"ConnectiveDocSignExtentionInstalled\" data-extension-version=\"1.0.4\"><\/div>\n","protected":false},"featured_media":21779,"template":"","meta":{"_acf_changed":false,"_seopress_robots_primary_cat":"none","_seopress_titles_title":"","_seopress_titles_desc":"D\u00e9couvrez la suite Infiny, pour un s\u00e9jour m\u00e9morable et hors du commun, une vir\u00e9e romantique et inoubliable, juste votre \u00e2me s\u0153ur et vous dans un cadre sp\u00e9cial et priv\u00e9 !","_seopress_robots_index":""},"product_brand":[],"product_cat":[15],"product_tag":[],"class_list":{"0":"post-4773","1":"product","2":"type-product","3":"status-publish","4":"has-post-thumbnail","6":"product_cat-accommodation","8":"first","9":"instock","10":"virtual","11":"sold-individually","12":"taxable","13":"purchasable","14":"product-type-booking"},"booking_location":"","booking_location_type":"","booking_duration":1,"booking_duration_unit":"day","booking_buffer":0,"booking_cost":0,"booking_resources":[],"acf":[],"_links":{"self":[{"href":"https:\/\/ocove.be\/nl\/wp-json\/wp\/v2\/product\/4773","targetHints":{"allow":["GET"]}}],"collection":[{"href":"https:\/\/ocove.be\/nl\/wp-json\/wp\/v2\/product"}],"about":[{"href":"https:\/\/ocove.be\/nl\/wp-json\/wp\/v2\/types\/product"}],"wp:featuredmedia":[{"embeddable":true,"href":"https:\/\/ocove.be\/nl\/wp-json\/wp\/v2\/media\/21779"}],"wp:attachment":[{"href":"https:\/\/ocove.be\/nl\/wp-json\/wp\/v2\/media?parent=4773"}],"wp:term":[{"taxonomy":"product_brand","embeddable":true,"href":"https:\/\/ocove.be\/nl\/wp-json\/wp\/v2\/product_brand?post=4773"},{"taxonomy":"product_cat","embeddable":true,"href":"https:\/\/ocove.be\/nl\/wp-json\/wp\/v2\/product_cat?post=4773"},{"taxonomy":"product_tag","embeddable":true,"href":"https:\/\/ocove.be\/nl\/wp-json\/wp\/v2\/product_tag?post=4773"}],"curies":[{"name":"wp","href":"https:\/\/api.w.org\/{rel}","templated":true}]}}