{"id":6445,"date":"2022-08-26T10:05:46","date_gmt":"2022-08-26T08:05:46","guid":{"rendered":"http:\/\/ocove.be\/product\/carte-cadeau\/"},"modified":"2023-06-27T09:51:04","modified_gmt":"2023-06-27T07:51:04","slug":"boncadeau","status":"publish","type":"product","link":"https:\/\/ocove.be\/nl\/product\/boncadeau\/","title":{"rendered":"Offrez un bon cadeau"},"content":{"rendered":"<p>Et si vous aviez trouv\u00e9 la meilleure mani\u00e8re de faire plaisir ?<\/p>\n<p>Offrez un bon cadeau de la valeur de votre choix et soyez certain de faire des heureux ! Une bulle de bien-\u00eatre et de d\u00e9tente dans un \u00e9crin de f\u00e9\u00e9rie attend le(s) destinataire(s) de votre cadeau.<\/p>\n<div class=\"bg-grey02 c-primary01 p-m text-center mt-m\">\n<p style=\"text-align: center;\"><strong>Indiquez le nom et pr\u00e9nom de la\/les personne(s) \u00e0 qui vous offrez le bon cadeau dans la section &#8220;Message&#8221;.<\/strong><\/p>\n<p>&nbsp;<\/p>\n<p style=\"text-align: center;\"><strong>Vous pouvez envoyer directement le bon cadeau \u00e0 la personne de votre choix, ou vous l&#8217;envoyer \u00e0 vous-m\u00eame en indiquant votre propre adresse email, cela vous permettra de l&#8217;offrir au moment qui vous convient le mieux !<\/strong><\/p>\n<\/div>\n<p>&nbsp;<\/p>\n<div class=\"bg-grey02 c-primary01 p-m text-center\">\n<p style=\"text-align: center;\"><strong>Le bon cadeau est valable durant 1 an \u00e0 dater de la date d&#8217;achat<\/strong><\/p>\n<\/div>\n<p>&nbsp;<\/p>\n<h4>Conditions li\u00e9es aux bons cadeaux :<\/h4>\n<ul>\n<li>Le bon cadeau est valide uniquement \u00e0 partir de la validation de paiement<\/li>\n<li>Ce bon cadeau ne peut \u00eatre ni vendu, ni \u00e9chang\u00e9, ni donn\u00e9 \u00e0 une autre personne que celle(s) indiqu\u00e9e(s) dans la mention<\/li>\n<li>Le(s) destinataire(s) du bon cadeau doit\/doivent avoir sa\/leur carte(s) d&#8217;identit\u00e9, le jour d&#8217;arriv\u00e9e<\/li>\n<li>La date d&#8217;expiration du bon cadeau ne peut \u00eatre prolong\u00e9e<\/li>\n<\/ul>\n<p><em>Pour un montant bien pr\u00e9cis que vous n\u2019arrivez pas a s\u00e9lectionner sur le site, veuillez nous contacter par email.<\/em><\/p>\n","protected":false},"excerpt":{"rendered":"<p>Et si vous aviez trouv\u00e9 la meilleure mani\u00e8re de faire plaisir ? Offrez un bon cadeau de la valeur de votre choix et soyez certain de faire des heureux ! Une bulle de bien-\u00eatre et de d\u00e9tente dans un \u00e9crin de f\u00e9\u00e9rie attend le(s) destinataire(s) de votre cadeau. Indiquez le nom et pr\u00e9nom de la\/les [&hellip;]<\/p>\n","protected":false},"featured_media":5215,"template":"","meta":{"_acf_changed":false,"_seopress_robots_primary_cat":"none","_seopress_titles_title":"","_seopress_titles_desc":"Offrez un bon cadeau de la valeur de votre choix et soyez certain de faire des heureux gr\u00e2ce \u00e0 nos g\u00eetes wellness de luxe \u00e0 proximit\u00e9 de Durbuy !","_seopress_robots_index":""},"product_brand":[],"product_cat":[121],"product_tag":[],"class_list":{"0":"post-6445","1":"product","2":"type-product","3":"status-publish","4":"has-post-thumbnail","6":"product_cat-gift","8":"first","9":"instock","10":"purchasable","11":"product-type-pw-gift-card"},"booking_location":null,"booking_location_type":null,"booking_duration":null,"booking_duration_unit":null,"booking_buffer":null,"booking_cost":null,"booking_resources":null,"acf":[],"_links":{"self":[{"href":"https:\/\/ocove.be\/nl\/wp-json\/wp\/v2\/product\/6445","targetHints":{"allow":["GET"]}}],"collection":[{"href":"https:\/\/ocove.be\/nl\/wp-json\/wp\/v2\/product"}],"about":[{"href":"https:\/\/ocove.be\/nl\/wp-json\/wp\/v2\/types\/product"}],"wp:featuredmedia":[{"embeddable":true,"href":"https:\/\/ocove.be\/nl\/wp-json\/wp\/v2\/media\/5215"}],"wp:attachment":[{"href":"https:\/\/ocove.be\/nl\/wp-json\/wp\/v2\/media?parent=6445"}],"wp:term":[{"taxonomy":"product_brand","embeddable":true,"href":"https:\/\/ocove.be\/nl\/wp-json\/wp\/v2\/product_brand?post=6445"},{"taxonomy":"product_cat","embeddable":true,"href":"https:\/\/ocove.be\/nl\/wp-json\/wp\/v2\/product_cat?post=6445"},{"taxonomy":"product_tag","embeddable":true,"href":"https:\/\/ocove.be\/nl\/wp-json\/wp\/v2\/product_tag?post=6445"}],"curies":[{"name":"wp","href":"https:\/\/api.w.org\/{rel}","templated":true}]}}